{"id":56,"date":"2013-02-22T14:10:08","date_gmt":"2013-02-22T12:10:08","guid":{"rendered":"https:\/\/wiekenspoeler.de\/?page_id=56"},"modified":"2017-01-17T17:10:59","modified_gmt":"2017-01-17T15:10:59","slug":"aufgefuhrte-stucke","status":"publish","type":"page","link":"https:\/\/wiekenspoeler.de\/?page_id=56","title":{"rendered":"Aufgef\u00fchrte St\u00fccke"},"content":{"rendered":"<p>&#8211; 1990 Petrus givt Urlaub<br \/>\n&#8211; 1992 Dat Dokterbook<br \/>\n&#8211; 1995 <a title=\"1995 \u2013 Snieder N\u00f6rig\" href=\"https:\/\/wiekenspoeler.de\/?page_id=304\">Snieder N\u00f6rig<\/a><br \/>\n&#8211; 1997 <a title=\"1997 \u2013 Een Schlo\u00df in England\" href=\"https:\/\/wiekenspoeler.de\/?page_id=295\">Een Schlo\u00df in England<\/a> (<a href=\"http:\/\/wiekensp\u00f6ler.de\/wp-content\/uploads\/2013\/05\/20130530en-schloss-in-england.png\" target=\"_blank\">Plakat<\/a>)<br \/>\n&#8211; 1999 <a title=\"1999 \u2013 Blo\u00df een Vittelst\u00fcnn\" href=\"https:\/\/wiekenspoeler.de\/?page_id=310\">Blo\u00df een Vittelst\u00fcnn<\/a> (<a href=\"http:\/\/wiekensp\u00f6ler.de\/wp-content\/uploads\/2015\/01\/blot_een_viddel_stuen_klein.png\" target=\"_blank\">Plakat<\/a>)<br \/>\n&#8211; 2001 <a title=\"2001 \u2013 Stiekelwier um d\u2019 Himmelbett\" href=\"https:\/\/wiekenspoeler.de\/?page_id=291\">Stiekelwier um`d Himmelbett<\/a> (<a href=\"https:\/\/wiekenspoeler.de\/wp-content\/uploads\/2013\/03\/wiekenspoeler.de-himmelbed_un_stiekelwier.png\" target=\"_blank\">Plakat<\/a>)<br \/>\n&#8211; 2004 Eier logisch biologisch (<a href=\"https:\/\/wiekenspoeler.de\/wp-content\/uploads\/2013\/03\/wiekenspoeler.de-eierlogisch-biologisch.png\" target=\"_blank\">Plakat<\/a>, <a href=\"https:\/\/wiekenspoeler.de\/wp-content\/uploads\/2015\/02\/Zeitung_eierlogisch_biologisch_01_klein.jpg\" target=\"_blank\">Zeitungsartikel OZ<\/a>)<br \/>\n&#8211; 2006 <a title=\"2006 \u2013 Dat Pr\u00e4mienschwien\" href=\"https:\/\/wiekenspoeler.de\/?page_id=265\">Dat Pr\u00e4mienschwien<\/a> (<a title=\"Plakat der Wiekensp\u00f6ler &quot;Dat Pr\u00e4mienschwien&quot;\" href=\"http:\/\/wiekenspoeler.de\/wp-content\/uploads\/2013\/02\/wiekenspoeler.de-dat-praemienschwein-klein.png\" target=\"_blank\">Plakat<\/a>)<br \/>\n&#8211; 2008 <a title=\"2008 \u2013 Mannl\u00fc s\u00fcnd ok blod Minschen\" href=\"https:\/\/wiekenspoeler.de\/?page_id=255\">Mannl\u00fc s\u00fcnd ok blod Minschen<\/a> (<a href=\"https:\/\/wiekenspoeler.de\/wp-content\/uploads\/2013\/03\/wiekenspoeler.de-mannlue_suend_ok_blot_minschen.png\" target=\"_blank\">Plakat<\/a>)<br \/>\n&#8211; 2010 <a title=\"2010 \u2013 De verr\u00fcckte Professor\" href=\"https:\/\/wiekenspoeler.de\/?page_id=244\">De verr\u00fcckte Professor<\/a> (<a href=\"https:\/\/wiekenspoeler.de\/wp-content\/uploads\/2013\/03\/wiekenspoeler.de-der_verrueckte_professor.png\" target=\"_blank\">Plakat<\/a>)<br \/>\n&#8211; 2013 <a title=\"Leevslust un Waterschaden\" href=\"https:\/\/wiekenspoeler.de\/?page_id=12\">Leevslust un Waterschaden<\/a> (<a href=\"http:\/\/wiekensp\u00f6ler.de\/wp-content\/uploads\/2013\/02\/Plakat-2013.pdf\">Plakat<\/a>)<a title=\"Leevslust un Waterschaden\" href=\"https:\/\/wiekenspoeler.de\/?page_id=12\"><br \/>\n<\/a>&#8211; 2015 <a href=\"https:\/\/wiekenspoeler.de\/?page_id=224\">Nix as arger mit de Familie<\/a> (<a href=\"http:\/\/wiekensp\u00f6ler.de\/wp-content\/uploads\/2015\/02\/Plakat-2015a.pdf\">Plakat<\/a>)<\/p>\n","protected":false},"excerpt":{"rendered":"<p>&#8211; 1990 Petrus givt Urlaub &#8211; 1992 Dat Dokterbook &#8211; 1995 Snieder N\u00f6rig &#8211; 1997 Een Schlo\u00df in England (Plakat) &#8211; 1999 Blo\u00df een Vittelst\u00fcnn (Plakat) &#8211; 2001 Stiekelwier um`d Himmelbett (Plakat) &#8211; 2004 Eier logisch biologisch (Plakat, Zeitungsartikel OZ) &#8211; 2006 Dat Pr\u00e4mienschwien (Plakat) &#8211; 2008 Mannl\u00fc s\u00fcnd ok blod Minschen (Plakat) &#8211; 2010 [&hellip;]<\/p>\n","protected":false},"author":1,"featured_media":0,"parent":0,"menu_order":20,"comment_status":"closed","ping_status":"closed","template":"","meta":{"footnotes":""},"class_list":["post-56","page","type-page","status-publish","hentry"],"_links":{"self":[{"href":"https:\/\/wiekenspoeler.de\/index.php?rest_route=\/wp\/v2\/pages\/56","targetHints":{"allow":["GET"]}}],"collection":[{"href":"https:\/\/wiekenspoeler.de\/index.php?rest_route=\/wp\/v2\/pages"}],"about":[{"href":"https:\/\/wiekenspoeler.de\/index.php?rest_route=\/wp\/v2\/types\/page"}],"author":[{"embeddable":true,"href":"https:\/\/wiekenspoeler.de\/index.php?rest_route=\/wp\/v2\/users\/1"}],"replies":[{"embeddable":true,"href":"https:\/\/wiekenspoeler.de\/index.php?rest_route=%2Fwp%2Fv2%2Fcomments&post=56"}],"version-history":[{"count":14,"href":"https:\/\/wiekenspoeler.de\/index.php?rest_route=\/wp\/v2\/pages\/56\/revisions"}],"predecessor-version":[{"id":397,"href":"https:\/\/wiekenspoeler.de\/index.php?rest_route=\/wp\/v2\/pages\/56\/revisions\/397"}],"wp:attachment":[{"href":"https:\/\/wiekenspoeler.de\/index.php?rest_route=%2Fwp%2Fv2%2Fmedia&parent=56"}],"curies":[{"name":"wp","href":"https:\/\/api.w.org\/{rel}","templated":true}]}}