{"id":444,"date":"2019-03-11T23:21:00","date_gmt":"2019-03-11T21:21:00","guid":{"rendered":"https:\/\/wiekenspoeler.de\/?page_id=444"},"modified":"2019-08-23T21:35:35","modified_gmt":"2019-08-23T19:35:35","slug":"gendarms-suend-ok-blot-minsken-2","status":"publish","type":"page","link":"https:\/\/wiekenspoeler.de\/?page_id=444","title":{"rendered":"2019 &#8211; Gendarms s\u00fcnd ok blot Minsken"},"content":{"rendered":"\n<div class=\"wp-block-image\"><figure class=\"aligncenter\"><a href=\"https:\/\/wiekenspoeler.de\/?attachment_id=454\" target=\"_blank\" rel=\"noreferrer noopener\"><img loading=\"lazy\" decoding=\"async\" width=\"577\" height=\"399\" src=\"https:\/\/wiekenspoeler.de\/wp-content\/uploads\/2019\/03\/Logo2019a_klein.png\" alt=\"\" class=\"wp-image-424\" srcset=\"https:\/\/wiekenspoeler.de\/wp-content\/uploads\/2019\/03\/Logo2019a_klein.png 577w, https:\/\/wiekenspoeler.de\/wp-content\/uploads\/2019\/03\/Logo2019a_klein-300x207.png 300w\" sizes=\"auto, (max-width: 577px) 100vw, 577px\" \/><\/a><figcaption>Gendarms s\u00fcnd ok blot Minsken &#8211; Plakat<\/figcaption><\/figure><\/div>\n\n\n\n<table class=\"wp-block-table aligncenter is-style-stripes\"><tbody><tr><td>Donnerstag 09.05.2019   <\/td><td>Mittwoch 22.05.2019<\/td><\/tr><tr><td><em>Freitag 10.05.2019<\/em><\/td><td><em>Freitag 24.05.2019<\/em><\/td><\/tr><tr><td><em>Samstag 11.05.2019<\/em><\/td><td><em>Samstag 25.05.2019<\/em><\/td><\/tr><tr><td>Sonntag 12.05.2019<\/td><td>Mittwoch 29.05.2019<\/td><\/tr><tr><td><em>Mittwoch 15.05.2019<\/em><\/td><td>Freitag 31.05.2019<\/td><\/tr><tr><td><em>Freitag 17.05.2019<\/em><\/td><td>Samstag 01.06.2019<\/td><\/tr><tr><td>Sonntag 19.05.2019<\/td><td><\/td><\/tr><\/tbody><\/table>\n\n\n\n<h4 class=\"wp-block-heading\"><strong>Die Vorstellungen beginnen jeweils um 20:00 Uhr (Einlass im Sportheim ist 19:00 Uhr)<\/strong><\/h4>\n\n\n\n<p><strong>Adresse:<\/strong> Im Sportheim L\u00fcbbertsfehn Thunpad 1 26632 Ihlow <\/p>\n\n\n\n<p>\nKarten k\u00f6nnen bei Magret K\u00f6llmann telefonisch unter 04945 1418 (von 9.<sup>00<\/sup> \u2013 12.<sup>00<\/sup> und 18.<sup>00 <\/sup>\u2013 20.<sup>00<\/sup>) bestellt werden.<br>\nEintritt: 6,00\u20ac Erwachsene und 4,00\u20ac Kinder.\n\n<\/p>\n\n\n\n<p><\/p>\n","protected":false},"excerpt":{"rendered":"<p>Donnerstag 09.05.2019 Mittwoch 22.05.2019 Freitag 10.05.2019 Freitag 24.05.2019 Samstag 11.05.2019 Samstag 25.05.2019 Sonntag 12.05.2019 Mittwoch 29.05.2019 Mittwoch 15.05.2019 Freitag 31.05.2019 Freitag 17.05.2019 Samstag 01.06.2019 Sonntag 19.05.2019 Die Vorstellungen beginnen jeweils um 20:00 Uhr (Einlass im Sportheim ist 19:00 Uhr) Adresse: Im Sportheim L\u00fcbbertsfehn Thunpad 1 26632 Ihlow Karten k\u00f6nnen bei Magret K\u00f6llmann telefonisch unter 04945 [&hellip;]<\/p>\n","protected":false},"author":1,"featured_media":0,"parent":56,"menu_order":111,"comment_status":"closed","ping_status":"closed","template":"","meta":{"footnotes":""},"class_list":["post-444","page","type-page","status-publish","hentry"],"_links":{"self":[{"href":"https:\/\/wiekenspoeler.de\/index.php?rest_route=\/wp\/v2\/pages\/444","targetHints":{"allow":["GET"]}}],"collection":[{"href":"https:\/\/wiekenspoeler.de\/index.php?rest_route=\/wp\/v2\/pages"}],"about":[{"href":"https:\/\/wiekenspoeler.de\/index.php?rest_route=\/wp\/v2\/types\/page"}],"author":[{"embeddable":true,"href":"https:\/\/wiekenspoeler.de\/index.php?rest_route=\/wp\/v2\/users\/1"}],"replies":[{"embeddable":true,"href":"https:\/\/wiekenspoeler.de\/index.php?rest_route=%2Fwp%2Fv2%2Fcomments&post=444"}],"version-history":[{"count":10,"href":"https:\/\/wiekenspoeler.de\/index.php?rest_route=\/wp\/v2\/pages\/444\/revisions"}],"predecessor-version":[{"id":461,"href":"https:\/\/wiekenspoeler.de\/index.php?rest_route=\/wp\/v2\/pages\/444\/revisions\/461"}],"up":[{"embeddable":true,"href":"https:\/\/wiekenspoeler.de\/index.php?rest_route=\/wp\/v2\/pages\/56"}],"wp:attachment":[{"href":"https:\/\/wiekenspoeler.de\/index.php?rest_route=%2Fwp%2Fv2%2Fmedia&parent=444"}],"curies":[{"name":"wp","href":"https:\/\/api.w.org\/{rel}","templated":true}]}}