{"id":295,"date":"2015-02-02T21:51:17","date_gmt":"2015-02-02T19:51:17","guid":{"rendered":"https:\/\/wiekenspoeler.de\/?page_id=295"},"modified":"2017-01-17T15:44:28","modified_gmt":"2017-01-17T13:44:28","slug":"1997-een-schloss-in-england","status":"publish","type":"page","link":"https:\/\/wiekenspoeler.de\/?page_id=295","title":{"rendered":"1997 &#8211; Een Schlo\u00df in England"},"content":{"rendered":"<p>&nbsp;<\/p>\n<h3>Besetzung<\/h3>\n<table class=\" aligncenter\" style=\"width: 500px;\">\n<tbody>\n<tr>\n<td style=\"width: 150px;\">Willi Holtnagel<\/td>\n<td>ein mecklenburgischer Bauer<\/td>\n<td style=\"width: 150px;\">Enno Peters<\/td>\n<\/tr>\n<tr>\n<td>Erika Holtnagel<\/td>\n<td>seine Frau<\/td>\n<td>Annelore Wulf<\/td>\n<\/tr>\n<tr>\n<td>Silvia Holtnagel<\/td>\n<td>beider Tochter<\/td>\n<td>Gerhild Janssen<\/td>\n<\/tr>\n<tr>\n<td>Max Holtnagel<\/td>\n<td>beider Sohn<\/td>\n<td>Klaus Wiese<\/td>\n<\/tr>\n<tr>\n<td>John Plumscrough<\/td>\n<td>Notar<\/td>\n<td><\/td>\n<\/tr>\n<tr>\n<td>Marylin Marvel<\/td>\n<td>seine Sekret\u00e4rin<\/td>\n<td>Sonja<\/td>\n<\/tr>\n<tr>\n<td>Erna Maltbeer<\/td>\n<td>Haush\u00e4lterin<\/td>\n<td>Gerda Meyer<\/td>\n<\/tr>\n<tr>\n<td colspan=\"2\">Der Geist von Sir Hernry Timbernail<\/td>\n<td>\u00a0Gerhard Ideus<\/td>\n<\/tr>\n<\/tbody>\n<\/table>\n<p>&nbsp;<\/p>\n<h3>Inhalt<\/h3>\n<p>Willi Holtnagel ist ein Plattdeutscher durch und durch; er m\u00f6chte, da\u00df plattdeutsch wieder Weltsprache wird &#8211; oder zumindest doch Amtssprache und da\u00df eingewanderte V\u00f6lkerschaften wie Hessen und Sachsen bittesch\u00f6n das Plattdeutsch zu erlernen haben. &#8211; Mitten in einem vehement gef\u00fchrten Vortrag f\u00fcr diese Sache, in der auch eine plattdeutsche Partei gefordert wird, erscheinen Mutter Holtnagel und die beiden Kinder und er\u00f6ffnen, da\u00df die Familie ein Schlo\u00df in England geerbt hat. &#8211; Auf Tumbstone Castle angekommen, wird die Familie von der Haush\u00e4lterin Mrs. Maltbeer in breitestem Mecklenburger Platt begr\u00fc\u00dft, der Notar Mr. Plumscrough versucht die Familie zum sofortigen Verkauf des Schlosses zu \u00fcberreden und in der Nacht erscheint dann noch das Schlo\u00dfgespenst mit Kopf unterm Arm. Aber Willi, als echter Plattdeutscher, ist durch derlei Scherze nicht aus der Ruhe zu bringen.<br \/>\n(Inhalt gefunden unter: <a href=\"http:\/\/www.theatertexte.de\/nav\/2\/2\/3\/werk?verlag_id=theaterverlag_karl_mahnke&amp;wid=3812000&amp;ebex3=3\" target=\"_blank\">http:\/\/www.theatertexte.de<\/a>).<\/p>\n<p>&nbsp;<\/p>\n<h3>Termine<\/h3>\n<p>Oktober, November 1997 &#8211; 24,25,26,31 Oktober + 01,02 November<\/p>\n","protected":false},"excerpt":{"rendered":"<p>&nbsp; Besetzung Willi Holtnagel ein mecklenburgischer Bauer Enno Peters Erika Holtnagel seine Frau Annelore Wulf Silvia Holtnagel beider Tochter Gerhild Janssen Max Holtnagel beider Sohn Klaus Wiese John Plumscrough Notar Marylin Marvel seine Sekret\u00e4rin Sonja Erna Maltbeer Haush\u00e4lterin Gerda Meyer Der Geist von Sir Hernry Timbernail \u00a0Gerhard Ideus &nbsp; Inhalt Willi Holtnagel ist ein Plattdeutscher [&hellip;]<\/p>\n","protected":false},"author":1,"featured_media":0,"parent":56,"menu_order":20,"comment_status":"closed","ping_status":"closed","template":"","meta":{"footnotes":""},"class_list":["post-295","page","type-page","status-publish","hentry"],"_links":{"self":[{"href":"https:\/\/wiekenspoeler.de\/index.php?rest_route=\/wp\/v2\/pages\/295","targetHints":{"allow":["GET"]}}],"collection":[{"href":"https:\/\/wiekenspoeler.de\/index.php?rest_route=\/wp\/v2\/pages"}],"about":[{"href":"https:\/\/wiekenspoeler.de\/index.php?rest_route=\/wp\/v2\/types\/page"}],"author":[{"embeddable":true,"href":"https:\/\/wiekenspoeler.de\/index.php?rest_route=\/wp\/v2\/users\/1"}],"replies":[{"embeddable":true,"href":"https:\/\/wiekenspoeler.de\/index.php?rest_route=%2Fwp%2Fv2%2Fcomments&post=295"}],"version-history":[{"count":8,"href":"https:\/\/wiekenspoeler.de\/index.php?rest_route=\/wp\/v2\/pages\/295\/revisions"}],"predecessor-version":[{"id":303,"href":"https:\/\/wiekenspoeler.de\/index.php?rest_route=\/wp\/v2\/pages\/295\/revisions\/303"}],"up":[{"embeddable":true,"href":"https:\/\/wiekenspoeler.de\/index.php?rest_route=\/wp\/v2\/pages\/56"}],"wp:attachment":[{"href":"https:\/\/wiekenspoeler.de\/index.php?rest_route=%2Fwp%2Fv2%2Fmedia&parent=295"}],"curies":[{"name":"wp","href":"https:\/\/api.w.org\/{rel}","templated":true}]}}