{"id":291,"date":"2015-02-02T21:43:50","date_gmt":"2015-02-02T19:43:50","guid":{"rendered":"https:\/\/wiekenspoeler.de\/?page_id=291"},"modified":"2017-01-17T15:45:13","modified_gmt":"2017-01-17T13:45:13","slug":"2001-stiekelwier-um-d-himmelbett","status":"publish","type":"page","link":"https:\/\/wiekenspoeler.de\/?page_id=291","title":{"rendered":"2001 &#8211; Stiekelwier um d&#8216; Himmelbett"},"content":{"rendered":"<p>&nbsp;<\/p>\n<h3>Besetzung<\/h3>\n<table class=\" aligncenter\" style=\"width: 520px;\">\n<tbody>\n<tr>\n<td style=\"width: 150px;\">K\u00e4the Br\u00f6rig<\/td>\n<td><\/td>\n<td style=\"width: 150px;\"><\/td>\n<\/tr>\n<tr>\n<td>Alfred Br\u00f6rig<\/td>\n<td>K\u00e4thes erster Sohn<\/td>\n<td><\/td>\n<\/tr>\n<tr>\n<td>Frauke<\/td>\n<td>K\u00e4thes zweiter Sohn<\/td>\n<td><\/td>\n<\/tr>\n<tr>\n<td>Hans Br\u00f6rig<\/td>\n<td>Alfreds Frau<\/td>\n<td><\/td>\n<\/tr>\n<tr>\n<td>Lina<\/td>\n<td>Hans&#8216; Frau<\/td>\n<td><\/td>\n<\/tr>\n<tr>\n<td>Marianne Ahlers<\/td>\n<td>M\u00e4dchen aus Rostock<\/td>\n<td>\u00a0Gerhild Janssen<\/td>\n<\/tr>\n<tr>\n<td>Michael Tross<\/td>\n<td>K\u00e4thes Kurschatten<\/td>\n<td><\/td>\n<\/tr>\n<\/tbody>\n<\/table>\n<p>&nbsp;<\/p>\n<h3>Inhalt<\/h3>\n<p>K\u00e4the Br\u00f6rig ist eine sehr wohlhabende alte Frau. Ihre beiden S\u00f6hne Alfred und Hans, besonders aber die Schwiegert\u00f6chter Frauke und Lina, reden ihr alle erdenklichen Krankheiten ein, eine erfolgversprechende Kur aber aus und das nur mit dem einen Hintergedanken: Wie kommen wir schnell ans Erbe? K\u00e4the bemerkt von all dem nichts. Ihre Nachbarin und Haushaltshilfe Marianne Ahlers bemerkt jedoch schnell wohin der Hase l\u00e4uft und \u00f6ffnet Oma K\u00e4the die Augen. Als Oma K\u00e4the schlie\u00dflich doch zur Kur f\u00e4hrt und wie neu geboren zur\u00fcckkommt, beginnt der Kampf ums Erbe erst richtig. Besonders, weil Oma in der Kur einen jungen Mann kennengelernt hat (Michael Tross) und ihn gleich zu sich nach Hause eingeladen hat. Zun\u00e4chst nur als harmlose Bekanntschaft. Aber S\u00f6hne und Schwiegert\u00f6chter erkennen sofort, dass das Erbe jetzt auf nat\u00fcrliche Weise noch l\u00e4nger auf sich warten l\u00e4\u00dft. Also versuchen sie mit K.O.-Tropfen, einer Sprengladung auf der Toilette und anderen Gemeinheiten Omas alten, schlechten Gesundheitszustand wieder herzustellen. Als Oma Michael als ihren Liebhaber ausgibt und ihn sogar heiraten will, laufen die feinen Schwiegert\u00f6chter zur H\u00f6chstform auf. Das es schlie\u00dflich doch ein Happyend gibt, ist Oma K\u00e4the zu verdanken&#8230;<br \/>\n(Inhalt gefunden unter <a href=\"http:\/\/speelkoppel.ortsverein-wahnbek.de\/index.php\/2001-stiekelwier-um-d-himmelbett\">http:\/\/speelkoppel.ortsverein-wahnbek.de\/index.php\/2001-stiekelwier-um-d-himmelbett<\/a>)<\/p>\n<h3>Zeitungsartikel<\/h3>\n<p><a href=\"https:\/\/wiekenspoeler.de\/wp-content\/uploads\/2015\/02\/Zeitung_Stiekelwier-umt-Himmelbedd_02_klein.jpg\" target=\"_blank\">Ostfriesenzeitung schrieb<\/a><\/p>\n<h3>Termine<\/h3>\n<p>September 2001 &#8211; 14, 15, 16, 21, 22, 23<\/p>\n","protected":false},"excerpt":{"rendered":"<p>&nbsp; Besetzung K\u00e4the Br\u00f6rig Alfred Br\u00f6rig K\u00e4thes erster Sohn Frauke K\u00e4thes zweiter Sohn Hans Br\u00f6rig Alfreds Frau Lina Hans&#8216; Frau Marianne Ahlers M\u00e4dchen aus Rostock \u00a0Gerhild Janssen Michael Tross K\u00e4thes Kurschatten &nbsp; Inhalt K\u00e4the Br\u00f6rig ist eine sehr wohlhabende alte Frau. Ihre beiden S\u00f6hne Alfred und Hans, besonders aber die Schwiegert\u00f6chter Frauke und Lina, reden [&hellip;]<\/p>\n","protected":false},"author":1,"featured_media":0,"parent":56,"menu_order":40,"comment_status":"closed","ping_status":"closed","template":"","meta":{"footnotes":""},"class_list":["post-291","page","type-page","status-publish","hentry"],"_links":{"self":[{"href":"https:\/\/wiekenspoeler.de\/index.php?rest_route=\/wp\/v2\/pages\/291","targetHints":{"allow":["GET"]}}],"collection":[{"href":"https:\/\/wiekenspoeler.de\/index.php?rest_route=\/wp\/v2\/pages"}],"about":[{"href":"https:\/\/wiekenspoeler.de\/index.php?rest_route=\/wp\/v2\/types\/page"}],"author":[{"embeddable":true,"href":"https:\/\/wiekenspoeler.de\/index.php?rest_route=\/wp\/v2\/users\/1"}],"replies":[{"embeddable":true,"href":"https:\/\/wiekenspoeler.de\/index.php?rest_route=%2Fwp%2Fv2%2Fcomments&post=291"}],"version-history":[{"count":4,"href":"https:\/\/wiekenspoeler.de\/index.php?rest_route=\/wp\/v2\/pages\/291\/revisions"}],"predecessor-version":[{"id":361,"href":"https:\/\/wiekenspoeler.de\/index.php?rest_route=\/wp\/v2\/pages\/291\/revisions\/361"}],"up":[{"embeddable":true,"href":"https:\/\/wiekenspoeler.de\/index.php?rest_route=\/wp\/v2\/pages\/56"}],"wp:attachment":[{"href":"https:\/\/wiekenspoeler.de\/index.php?rest_route=%2Fwp%2Fv2%2Fmedia&parent=291"}],"curies":[{"name":"wp","href":"https:\/\/api.w.org\/{rel}","templated":true}]}}