{"id":244,"date":"2015-01-28T19:14:01","date_gmt":"2015-01-28T17:14:01","guid":{"rendered":"https:\/\/wiekenspoeler.de\/?page_id=244"},"modified":"2017-01-17T15:45:32","modified_gmt":"2017-01-17T13:45:32","slug":"de-verrueckte-professor","status":"publish","type":"page","link":"https:\/\/wiekenspoeler.de\/?page_id=244","title":{"rendered":"2010 &#8211; De verr\u00fcckte Professor"},"content":{"rendered":"<h1><strong>\u00a0<\/strong><\/h1>\n<p>Im Fr\u00fchjahr 2010 traten die Wiekensp\u00f6ler mit dem plattdeutschen Thaterst\u00fcck &#8222;De verr\u00fcckte Professor&#8220; in L\u00fcbbertsfehn auf.<\/p>\n<h3>Besetzung:<\/h3>\n<table class=\" aligncenter\" style=\"width: 450px; height: 285px;\">\n<tbody>\n<tr>\n<td style=\"width: 150px;\">Max Loppmann<\/td>\n<td>Erfinder<\/td>\n<td style=\"width: 150px;\">Enno Peters<\/td>\n<\/tr>\n<tr>\n<td style=\"width: 150px;\">Paula Loppmann<\/td>\n<td>\u00a0Seine Frau<\/td>\n<td>Magret K\u00f6llmann<\/td>\n<\/tr>\n<tr>\n<td style=\"width: 150px;\">\u00a0Heidrun Sagemiehl<\/td>\n<td>\u00a0Patientin<\/td>\n<td>Annelore Wulf<\/td>\n<\/tr>\n<tr>\n<td style=\"width: 150px;\">\u00a0Freddy Sagemiehl<\/td>\n<td>\u00a0Heidruns Ehemann<\/td>\n<td>Gerhard Ideus<\/td>\n<\/tr>\n<tr>\n<td style=\"width: 150px;\">\u00a0Angelika Sagemiehl<\/td>\n<td>\u00a0beider Tochter<\/td>\n<td>Gerhild Janssen<\/td>\n<\/tr>\n<tr>\n<td style=\"width: 150px;\">\u00a0Wilko Meiners<\/td>\n<td>\u00a0Patient<\/td>\n<td>Albert Saathoff<\/td>\n<\/tr>\n<tr>\n<td style=\"width: 150px;\">\u00a0Phillip Renken<\/td>\n<td>\u00a0Patient<\/td>\n<td>Gert K\u00f6llmann<\/td>\n<\/tr>\n<tr>\n<td style=\"width: 150px;\">\u00a0Charlotte M\u00fcller<\/td>\n<td>\u00a0Patient<\/td>\n<td>Emma Dannemann<\/td>\n<\/tr>\n<\/tbody>\n<\/table>\n<h3>Inhalt:<\/h3>\n<p>Max Loppmann \u2013 der sich als Arzt und Professor ausgibt, aber eigentlich nur Apotheker und Hobby-Chemiker ist \u2013 ist besessen von der Idee, ein Serum zu erfinden, welches den Schwei\u00dfgeruch bei Menschen komplett unterbindet. \u201eNie wieder unangenehmer Achselschwei\u00df, nie wieder Probleme mit \u00fcbelriechenden Schwei\u00dff\u00fc\u00dfen\u201c, das ist seine Devise. Nach monatelanger Forschung und mehreren gescheiterten Versuchen an Ratten und M\u00e4usen, bitten er und seine Frau Paula schlie\u00dflich durch eine Annonce in der Tageszeitung Patienten ins Haus, die freiwillig an einer Testreihe teilnehmen und daf\u00fcr mit jeweils 500 Euro entlohnt werden sollen. Sechs Personen finden sich ein und machen bei dem vierw\u00f6chigen Versuch mit. Das Medikament hat zwar keine nennenswerten Nebenwirkungen, jedoch enth\u00e4lt es viele hochkonzentrierte Hormone. Durch ein Missgeschick verwechselt Max\u2019 Ehefrau die beiden Sorten f\u00fcr M\u00e4nner und f\u00fcr Frauen und es kommt in der \u201ePraxis\u201c von Max Loppmann zu starken pers\u00f6nlichen Ver\u00e4nderungen der Versuchs-Patienten. Ein Gegenmittel muss her \u2013 und zwar schnell, bevor die ersten Patienten mit Klage drohen. Doch das ist problematischer als man dachte. Besonders Phillip Renken ist ein hochkomplizierter Fall. Er hat freiwillig die 5fache Dosis des Serums eingenommen, weil er finanzielle Sorgen hat. Aber schnell nehmen die weiblichen Hormone in seinem K\u00f6rper \u00fcberhand. Nur bei dem linkischen Wilko Meiners und bei Angelika Sagemiehl ist merkw\u00fcrdigerweise kaum eine Ver\u00e4nderung zu erkennen. Die Versuchsreihe ger\u00e4t jedoch v\u00f6llig aus den Fugen, und schnell wei\u00df keiner mehr genau \u2013 bin ich nun m\u00e4nnlich oder weiblich? Und als die Lage schon zu eskalieren droht, wird durch Zufall ein v\u00f6llig nat\u00fcrliches Gegenmittel entdeckt, und es besteht doch noch ein Funken Hoffnung auf ein Happy End&#8230; aber auch der \u201eDoktor\u201c selber hat nun von dem Serum probiert\u2026<\/p>\n","protected":false},"excerpt":{"rendered":"<p>\u00a0 Im Fr\u00fchjahr 2010 traten die Wiekensp\u00f6ler mit dem plattdeutschen Thaterst\u00fcck &#8222;De verr\u00fcckte Professor&#8220; in L\u00fcbbertsfehn auf. Besetzung: Max Loppmann Erfinder Enno Peters Paula Loppmann \u00a0Seine Frau Magret K\u00f6llmann \u00a0Heidrun Sagemiehl \u00a0Patientin Annelore Wulf \u00a0Freddy Sagemiehl \u00a0Heidruns Ehemann Gerhard Ideus \u00a0Angelika Sagemiehl \u00a0beider Tochter Gerhild Janssen \u00a0Wilko Meiners \u00a0Patient Albert Saathoff \u00a0Phillip Renken \u00a0Patient Gert [&hellip;]<\/p>\n","protected":false},"author":1,"featured_media":0,"parent":56,"menu_order":70,"comment_status":"closed","ping_status":"closed","template":"","meta":{"footnotes":""},"class_list":["post-244","page","type-page","status-publish","hentry"],"_links":{"self":[{"href":"https:\/\/wiekenspoeler.de\/index.php?rest_route=\/wp\/v2\/pages\/244","targetHints":{"allow":["GET"]}}],"collection":[{"href":"https:\/\/wiekenspoeler.de\/index.php?rest_route=\/wp\/v2\/pages"}],"about":[{"href":"https:\/\/wiekenspoeler.de\/index.php?rest_route=\/wp\/v2\/types\/page"}],"author":[{"embeddable":true,"href":"https:\/\/wiekenspoeler.de\/index.php?rest_route=\/wp\/v2\/users\/1"}],"replies":[{"embeddable":true,"href":"https:\/\/wiekenspoeler.de\/index.php?rest_route=%2Fwp%2Fv2%2Fcomments&post=244"}],"version-history":[{"count":9,"href":"https:\/\/wiekenspoeler.de\/index.php?rest_route=\/wp\/v2\/pages\/244\/revisions"}],"predecessor-version":[{"id":253,"href":"https:\/\/wiekenspoeler.de\/index.php?rest_route=\/wp\/v2\/pages\/244\/revisions\/253"}],"up":[{"embeddable":true,"href":"https:\/\/wiekenspoeler.de\/index.php?rest_route=\/wp\/v2\/pages\/56"}],"wp:attachment":[{"href":"https:\/\/wiekenspoeler.de\/index.php?rest_route=%2Fwp%2Fv2%2Fmedia&parent=244"}],"curies":[{"name":"wp","href":"https:\/\/api.w.org\/{rel}","templated":true}]}}